{"id":1307,"date":"2023-12-05T19:35:52","date_gmt":"2023-12-05T19:35:52","guid":{"rendered":"https:\/\/www.murgialdai.com\/home\/"},"modified":"2024-12-20T11:20:53","modified_gmt":"2024-12-20T11:20:53","slug":"home","status":"publish","type":"page","link":"https:\/\/www.murgialdai.com\/en\/","title":{"rendered":"Home"},"content":{"rendered":"\t\t<div data-elementor-type=\"wp-page\" data-elementor-id=\"1307\" class=\"elementor elementor-1307 elementor-72\" data-elementor-post-type=\"page\">\n\t\t\t\t<div class=\"elementor-element elementor-element-7753f80 e-flex e-con-boxed e-con e-parent\" data-id=\"7753f80\" data-element_type=\"container\" data-e-type=\"container\" data-settings=\"{&quot;background_background&quot;:&quot;video&quot;,&quot;background_video_link&quot;:&quot;https:\\\/\\\/youtu.be\\\/Uw2h86M31rI&quot;,&quot;background_play_on_mobile&quot;:&quot;yes&quot;}\">\n\t\t\t\t\t<div class=\"e-con-inner\">\n\t\t<div class=\"elementor-background-video-container\">\n\t\t\t\t\t\t\t<div class=\"elementor-background-video-embed\" role=\"presentation\"><\/div>\n\t\t\t\t\t\t<\/div>\t\t<div class=\"elementor-element elementor-element-fbaa59e elementor-hidden-mobile elementor-widget elementor-widget-heading\" data-id=\"fbaa59e\" data-element_type=\"widget\" data-e-type=\"widget\" data-widget_type=\"heading.default\">\n\t\t\t\t<div class=\"elementor-widget-container\">\n\t\t\t\t\t<h2 class=\"elementor-heading-title elementor-size-default\">Historical and family tradition Txakoli at the Murgialdai farmhouse in O\u00f1ati.<\/h2>\t\t\t\t<\/div>\n\t\t\t\t<\/div>\n\t\t\t\t\t<\/div>\n\t\t\t\t<\/div>\n\t\t<div class=\"elementor-element elementor-element-8a6bb40 e-flex e-con-boxed e-con e-parent\" data-id=\"8a6bb40\" data-element_type=\"container\" data-e-type=\"container\">\n\t\t\t\t\t<div class=\"e-con-inner\">\n\t\t<div class=\"elementor-element elementor-element-aa75980 e-con-full e-flex e-con e-child\" data-id=\"aa75980\" data-element_type=\"container\" data-e-type=\"container\">\n\t\t\t\t<div class=\"elementor-element elementor-element-f1fc093 elementor-widget elementor-widget-text-editor\" data-id=\"f1fc093\" data-element_type=\"widget\" data-e-type=\"widget\" data-widget_type=\"text-editor.default\">\n\t\t\t\t<div class=\"elementor-widget-container\">\n\t\t\t\t\t\t\t\t\t<p><strong>Rooted to the grounds of the Murgialdai farmhouse on the slopes of the Ubao river in O\u00f1ati, our vineyards are tradition and authenticity.<\/strong><\/p>\n\t\t\t\t\t\t\t\t<\/div>\n\t\t\t\t<\/div>\n\t\t\t\t<\/div>\n\t\t\t\t\t<\/div>\n\t\t\t\t<\/div>\n\t\t<div class=\"elementor-element elementor-element-6b27145 e-flex e-con-boxed e-con e-parent\" data-id=\"6b27145\" data-element_type=\"container\" data-e-type=\"container\" data-settings=\"{&quot;background_background&quot;:&quot;slideshow&quot;,&quot;background_slideshow_gallery&quot;:[{&quot;id&quot;:298,&quot;url&quot;:&quot;https:\\\/\\\/www.murgialdai.com\\\/wp-content\\\/uploads\\\/2023\\\/12\\\/Murgialdai-2021-0200-scaled.jpg&quot;},{&quot;id&quot;:264,&quot;url&quot;:&quot;https:\\\/\\\/www.murgialdai.com\\\/wp-content\\\/uploads\\\/2023\\\/12\\\/IMG_1191-scaled.jpg&quot;},{&quot;id&quot;:300,&quot;url&quot;:&quot;https:\\\/\\\/www.murgialdai.com\\\/wp-content\\\/uploads\\\/2023\\\/12\\\/Murgialdai-2021-0147-scaled.jpg&quot;}],&quot;background_slideshow_loop&quot;:&quot;yes&quot;,&quot;background_slideshow_slide_duration&quot;:5000,&quot;background_slideshow_slide_transition&quot;:&quot;fade&quot;,&quot;background_slideshow_transition_duration&quot;:500}\">\n\t\t\t\t\t<div class=\"e-con-inner\">\n\t\t<div class=\"elementor-element elementor-element-58efdda e-con-full e-flex e-con e-child\" data-id=\"58efdda\" data-element_type=\"container\" data-e-type=\"container\">\n\t\t\t\t<\/div>\n\t\t<div class=\"elementor-element elementor-element-534f86c e-con-full e-flex e-con e-child\" data-id=\"534f86c\" data-element_type=\"container\" data-e-type=\"container\">\n\t\t\t\t<div class=\"elementor-element elementor-element-d583e75 elementor-widget elementor-widget-heading\" data-id=\"d583e75\" data-element_type=\"widget\" data-e-type=\"widget\" data-widget_type=\"heading.default\">\n\t\t\t\t<div class=\"elementor-widget-container\">\n\t\t\t\t\t<h2 class=\"elementor-heading-title elementor-size-default\">OUR <strong>VINEYARDS<\/strong> <\/BR>AND THE <strong>SORROUNDINGS<\/strong> <\/h2>\t\t\t\t<\/div>\n\t\t\t\t<\/div>\n\t\t\t\t<\/div>\n\t\t\t\t\t<\/div>\n\t\t\t\t<\/div>\n\t\t<div class=\"elementor-element elementor-element-d4b0b0d e-flex e-con-boxed e-con e-parent\" data-id=\"d4b0b0d\" data-element_type=\"container\" data-e-type=\"container\">\n\t\t\t\t\t<div class=\"e-con-inner\">\n\t\t\t\t<div class=\"elementor-element elementor-element-f30fec8 elementor-widget elementor-widget-heading\" data-id=\"f30fec8\" data-element_type=\"widget\" data-e-type=\"widget\" data-widget_type=\"heading.default\">\n\t\t\t\t<div class=\"elementor-widget-container\">\n\t\t\t\t\t<h2 class=\"elementor-heading-title elementor-size-default\"><strong>MURGIALDAI <\/strong><\/br>FARMHOUSE<\/h2>\t\t\t\t<\/div>\n\t\t\t\t<\/div>\n\t\t\t\t<div class=\"elementor-element elementor-element-0e7ee1b elementor-widget elementor-widget-image\" data-id=\"0e7ee1b\" data-element_type=\"widget\" data-e-type=\"widget\" data-widget_type=\"image.default\">\n\t\t\t\t<div class=\"elementor-widget-container\">\n\t\t\t\t\t\t\t\t\t\t\t\t\t\t\t<img decoding=\"async\" width=\"300\" height=\"117\" src=\"https:\/\/www.murgialdai.com\/wp-content\/uploads\/2024\/04\/05.-caserio-300x117.jpg\" class=\"attachment-medium size-medium wp-image-1245\" alt=\"\" srcset=\"https:\/\/www.murgialdai.com\/wp-content\/uploads\/2024\/04\/05.-caserio-300x117.jpg 300w, https:\/\/www.murgialdai.com\/wp-content\/uploads\/2024\/04\/05.-caserio-768x300.jpg 768w, https:\/\/www.murgialdai.com\/wp-content\/uploads\/2024\/04\/05.-caserio.jpg 803w\" sizes=\"(max-width: 300px) 100vw, 300px\" \/>\t\t\t\t\t\t\t\t\t\t\t\t\t\t\t<\/div>\n\t\t\t\t<\/div>\n\t\t\t\t\t<\/div>\n\t\t\t\t<\/div>\n\t\t<div class=\"elementor-element elementor-element-88437ba e-flex e-con-boxed e-con e-parent\" data-id=\"88437ba\" data-element_type=\"container\" data-e-type=\"container\">\n\t\t\t\t\t<div class=\"e-con-inner\">\n\t\t<div class=\"elementor-element elementor-element-de9ae56 e-con-full e-flex e-con e-child\" data-id=\"de9ae56\" data-element_type=\"container\" data-e-type=\"container\">\n\t\t\t\t<div class=\"elementor-element elementor-element-c791cbe elementor-widget elementor-widget-heading\" data-id=\"c791cbe\" data-element_type=\"widget\" data-e-type=\"widget\" data-widget_type=\"heading.default\">\n\t\t\t\t<div class=\"elementor-widget-container\">\n\t\t\t\t\t<h2 class=\"elementor-heading-title elementor-size-default\">Murgialdai farmhouse<\/h2>\t\t\t\t<\/div>\n\t\t\t\t<\/div>\n\t\t\t\t<div class=\"elementor-element elementor-element-b13f983 elementor-widget elementor-widget-text-editor\" data-id=\"b13f983\" data-element_type=\"widget\" data-e-type=\"widget\" data-widget_type=\"text-editor.default\">\n\t\t\t\t<div class=\"elementor-widget-container\">\n\t\t\t\t\t\t\t\t\t<p class=\"p1\">According to ancient references, the vineyard has been the backbone of the Murgialdai farmhouse since at least 1850. Originally, it was for self-consumption and complemented dairy cattle farming in earlier times.<\/p>\n\t\t\t\t\t\t\t\t<\/div>\n\t\t\t\t<\/div>\n\t\t\t\t<\/div>\n\t\t<div class=\"elementor-element elementor-element-9193538 e-con-full e-flex e-con e-child\" data-id=\"9193538\" data-element_type=\"container\" data-e-type=\"container\">\n\t\t\t\t<div class=\"elementor-element elementor-element-4680b97 elementor-widget elementor-widget-image\" data-id=\"4680b97\" data-element_type=\"widget\" data-e-type=\"widget\" data-widget_type=\"image.default\">\n\t\t\t\t<div class=\"elementor-widget-container\">\n\t\t\t\t\t\t\t\t\t\t\t\t\t\t\t<img decoding=\"async\" width=\"161\" height=\"192\" src=\"https:\/\/www.murgialdai.com\/wp-content\/uploads\/2023\/12\/Screenshot-2023-12-05-at-21.01.19.png\" class=\"attachment-large size-large wp-image-1161\" alt=\"\" \/>\t\t\t\t\t\t\t\t\t\t\t\t\t\t\t<\/div>\n\t\t\t\t<\/div>\n\t\t\t\t<\/div>\n\t\t<div class=\"elementor-element elementor-element-7a94b6f e-con-full e-flex e-con e-child\" data-id=\"7a94b6f\" data-element_type=\"container\" data-e-type=\"container\">\n\t\t\t\t<div class=\"elementor-element elementor-element-2c08b38 elementor-widget elementor-widget-heading\" data-id=\"2c08b38\" data-element_type=\"widget\" data-e-type=\"widget\" data-widget_type=\"heading.default\">\n\t\t\t\t<div class=\"elementor-widget-container\">\n\t\t\t\t\t<h2 class=\"elementor-heading-title elementor-size-default\">Recovering the vineyard<\/h2>\t\t\t\t<\/div>\n\t\t\t\t<\/div>\n\t\t\t\t<div class=\"elementor-element elementor-element-7489364 elementor-widget elementor-widget-text-editor\" data-id=\"7489364\" data-element_type=\"widget\" data-e-type=\"widget\" data-widget_type=\"text-editor.default\">\n\t\t\t\t<div class=\"elementor-widget-container\">\n\t\t\t\t\t\t\t\t\t<p class=\"p1\">Nuestra misi\u00f3n pasa por recuperar e impulsar la actividad vitivin\u00edcola hist\u00f3rica del caser\u00edo para producir vinos de alta calidad de la manera m\u00e1s respetuosa posible con el medioambiente. Adem\u00e1s de recuperar variedades y fenotipos hist\u00f3ricos de vid presentes en el caser\u00edo. <\/p><p><!--<\/p>\n<p class=\"p1\">Transmitir a todo nuestro entorno, nuestro conocimiento sobre la actividad vitivin\u00edcola y agro ganadera en general, diferenciaci\u00f3n entre vinos, compromiso social y medioambiental.<\/p>\n<p>--><\/p>\t\t\t\t\t\t\t\t<\/div>\n\t\t\t\t<\/div>\n\t\t\t\t<\/div>\n\t\t\t\t\t<\/div>\n\t\t\t\t<\/div>\n\t\t<div class=\"elementor-element elementor-element-141ba59 e-flex e-con-boxed e-con e-parent\" data-id=\"141ba59\" data-element_type=\"container\" data-e-type=\"container\" data-settings=\"{&quot;background_background&quot;:&quot;classic&quot;}\">\n\t\t\t\t\t<div class=\"e-con-inner\">\n\t\t<div class=\"elementor-element elementor-element-36ce3eb e-con-full e-flex e-con e-child\" data-id=\"36ce3eb\" data-element_type=\"container\" data-e-type=\"container\">\n\t\t\t\t<div class=\"elementor-element elementor-element-accfc8e elementor-widget elementor-widget-heading\" data-id=\"accfc8e\" data-element_type=\"widget\" data-e-type=\"widget\" data-widget_type=\"heading.default\">\n\t\t\t\t<div class=\"elementor-widget-container\">\n\t\t\t\t\t<h2 class=\"elementor-heading-title elementor-size-default\">NUESTRO <br><strong>PROYECTO<\/strong><\/h2>\t\t\t\t<\/div>\n\t\t\t\t<\/div>\n\t\t\t\t<div class=\"elementor-element elementor-element-2446704 elementor-widget elementor-widget-elementskit-video\" data-id=\"2446704\" data-element_type=\"widget\" data-e-type=\"widget\" data-widget_type=\"elementskit-video.default\">\n\t\t\t\t<div class=\"elementor-widget-container\">\n\t\t\t\t\t<div class=\"ekit-wid-con\" >\t\t<div class=\"video-content\" data-video-player=\"[&quot;playpause&quot;,&quot;current&quot;,&quot;progress&quot;,&quot;duration&quot;,&quot;volume&quot;]\" data-video-setting=\"{&quot;videoVolume&quot;:&quot;horizontal&quot;,&quot;startVolume&quot;:0.8,&quot;videoType&quot;:&quot;inline&quot;,&quot;videoClass&quot;:&quot;ekit_self_video_wrap_content&quot;,&quot;videoStyle&quot;:&quot;popup&quot;,&quot;videoTypeName&quot;:&quot;self&quot;,&quot;autoplay&quot;:false,&quot;muted&quot;:false,&quot;loop&quot;:false}\">\n\t\t\t\n<a class=\"ekit_icon_button glow-ripple ekit-video-popup ekit-video-popup-btn\" href=\"#test-popup-link2446704\" aria-label=\"video-popup\">\n\t\t\t\t<i aria-hidden=\"true\" class=\"icon icon-vplay\"><\/i>\t\t\n\t\t\t<\/a>\n\t\t\t\t<div id=\"test-popup-link2446704\" class=\"mfp-hide ekit_self_video_wrap\">\n\t\t\t\t\t<video class=\"video_class\"\n\t\t\t\t\t\t\t\t\t\t\t>\n\t\t\t\t\t\t<source type=\"video\/mp4\" src=\"https:\/\/www.murgialdai.com\/wp-content\/uploads\/2024\/09\/txakoli.mp4\" \/>\n\t\t\t\t\t<\/video>\n\t\t\t\t<\/div>\n\t\t\t\t\t\t\t<div class=\"ekit-hidden-icons\" hidden aria-hidden=\"true\">\n\t\t\t\t\t<i class=\"ekit-popup-close-icon icon icon-cancel\"><\/i>\t\t\t\t<\/div>\n\t\t<\/div>\n\t\t<\/div>\t\t\t\t<\/div>\n\t\t\t\t<\/div>\n\t\t\t\t<\/div>\n\t\t\t\t\t<\/div>\n\t\t\t\t<\/div>\n\t\t<div class=\"elementor-element elementor-element-31bcc51 e-flex e-con-boxed e-con e-parent\" data-id=\"31bcc51\" data-element_type=\"container\" data-e-type=\"container\">\n\t\t\t\t\t<div class=\"e-con-inner\">\n\t\t<div class=\"elementor-element elementor-element-4a819d3 e-con-full e-flex e-con e-child\" data-id=\"4a819d3\" data-element_type=\"container\" data-e-type=\"container\">\n\t\t\t\t<div class=\"elementor-element elementor-element-59507af elementor-widget elementor-widget-heading\" data-id=\"59507af\" data-element_type=\"widget\" data-e-type=\"widget\" data-widget_type=\"heading.default\">\n\t\t\t\t<div class=\"elementor-widget-container\">\n\t\t\t\t\t<h2 class=\"elementor-heading-title elementor-size-default\">FAMILY<br><strong>LEGACY<\/strong><\/h2>\t\t\t\t<\/div>\n\t\t\t\t<\/div>\n\t\t\t\t<div class=\"elementor-element elementor-element-12f5b9c elementor-widget elementor-widget-text-editor\" data-id=\"12f5b9c\" data-element_type=\"widget\" data-e-type=\"widget\" data-widget_type=\"text-editor.default\">\n\t\t\t\t<div class=\"elementor-widget-container\">\n\t\t\t\t\t\t\t\t\t<p class=\"p1\">Our project is family work. We look after, work on, and supervise the production of the vineyards by hand, especially during harvest. We have highly qualified technical advice, and we are in a continuous training on progress in the field by cooperating with the EHU\/UPV,  <span class=\"Apple-converted-space\">  <\/span>thus we ensure a production based on quality and sustainability.<\/p>\n\t\t\t\t\t\t\t\t<\/div>\n\t\t\t\t<\/div>\n\t\t<div class=\"elementor-element elementor-element-5842d04 e-flex e-con-boxed e-con e-child\" data-id=\"5842d04\" data-element_type=\"container\" data-e-type=\"container\">\n\t\t\t\t\t<div class=\"e-con-inner\">\n\t\t\t\t<div class=\"elementor-element elementor-element-ccc5c53 elementor-widget__width-initial elementor-widget elementor-widget-image\" data-id=\"ccc5c53\" data-element_type=\"widget\" data-e-type=\"widget\" data-widget_type=\"image.default\">\n\t\t\t\t<div class=\"elementor-widget-container\">\n\t\t\t\t\t\t\t\t\t\t\t\t\t\t\t<img decoding=\"async\" src=\"https:\/\/www.murgialdai.com\/wp-content\/uploads\/elementor\/thumbs\/tapon-09-qh51cvjbhgm4d20yn06e5q08u9zg8xbqxnd93n9jwg.png\" title=\"tapon-09\" alt=\"tapon-09\" loading=\"lazy\" \/>\t\t\t\t\t\t\t\t\t\t\t\t\t\t\t<\/div>\n\t\t\t\t<\/div>\n\t\t\t\t<div class=\"elementor-element elementor-element-ba80b89 elementor-widget elementor-widget-heading\" data-id=\"ba80b89\" data-element_type=\"widget\" data-e-type=\"widget\" data-widget_type=\"heading.default\">\n\t\t\t\t<div class=\"elementor-widget-container\">\n\t\t\t\t\t<h2 class=\"elementor-heading-title elementor-size-default\"><a href=\"https:\/\/www.murgialdai.com\/visitanos\/\">VISIT US!! <\/a><\/h2>\t\t\t\t<\/div>\n\t\t\t\t<\/div>\n\t\t\t\t\t<\/div>\n\t\t\t\t<\/div>\n\t\t\t\t<\/div>\n\t\t<div class=\"elementor-element elementor-element-606c5bc e-con-full e-flex e-con e-child\" data-id=\"606c5bc\" data-element_type=\"container\" data-e-type=\"container\">\n\t\t\t\t<div class=\"elementor-element elementor-element-85dce66 elementor-widget elementor-widget-gallery\" data-id=\"85dce66\" data-element_type=\"widget\" data-e-type=\"widget\" data-settings=\"{&quot;columns&quot;:1,&quot;aspect_ratio&quot;:&quot;9:16&quot;,&quot;columns_mobile&quot;:3,&quot;lazyload&quot;:&quot;yes&quot;,&quot;gallery_layout&quot;:&quot;grid&quot;,&quot;columns_tablet&quot;:2,&quot;gap&quot;:{&quot;unit&quot;:&quot;px&quot;,&quot;size&quot;:10,&quot;sizes&quot;:[]},&quot;gap_tablet&quot;:{&quot;unit&quot;:&quot;px&quot;,&quot;size&quot;:10,&quot;sizes&quot;:[]},&quot;gap_mobile&quot;:{&quot;unit&quot;:&quot;px&quot;,&quot;size&quot;:10,&quot;sizes&quot;:[]},&quot;link_to&quot;:&quot;file&quot;,&quot;overlay_background&quot;:&quot;yes&quot;,&quot;content_hover_animation&quot;:&quot;fade-in&quot;}\" data-widget_type=\"gallery.default\">\n\t\t\t\t<div class=\"elementor-widget-container\">\n\t\t\t\t\t\t\t<div class=\"elementor-gallery__container\">\n\t\t\t\t\t\t\t<a class=\"e-gallery-item elementor-gallery-item elementor-animated-content\" href=\"https:\/\/www.murgialdai.com\/wp-content\/uploads\/2023\/12\/Screenshot-2023-12-05-at-21.07.36.png\" data-elementor-open-lightbox=\"yes\" data-elementor-lightbox-slideshow=\"85dce66\" data-elementor-lightbox-title=\"Screenshot-2023-12-05-at-21.07.36\" data-e-action-hash=\"#elementor-action%3Aaction%3Dlightbox%26settings%3DeyJpZCI6MTIyLCJ1cmwiOiJodHRwczpcL1wvd3d3Lm11cmdpYWxkYWkuY29tXC93cC1jb250ZW50XC91cGxvYWRzXC8yMDIzXC8xMlwvU2NyZWVuc2hvdC0yMDIzLTEyLTA1LWF0LTIxLjA3LjM2LnBuZyIsInNsaWRlc2hvdyI6Ijg1ZGNlNjYifQ%3D%3D\">\n\t\t\t\t\t<div class=\"e-gallery-image elementor-gallery-item__image\" data-thumbnail=\"https:\/\/www.murgialdai.com\/wp-content\/uploads\/2023\/12\/Screenshot-2023-12-05-at-21.07.36.png\" data-width=\"240\" data-height=\"388\" aria-label=\"\" role=\"img\" ><\/div>\n\t\t\t\t\t\t\t\t\t\t\t<div class=\"elementor-gallery-item__overlay\"><\/div>\n\t\t\t\t\t\t\t\t\t\t\t\t\t\t<\/a>\n\t\t\t\t\t<\/div>\n\t\t\t\t\t<\/div>\n\t\t\t\t<\/div>\n\t\t\t\t<\/div>\n\t\t\t\t\t<\/div>\n\t\t\t\t<\/div>\n\t\t<div class=\"elementor-element elementor-element-89327c0 e-flex e-con-boxed e-con e-parent\" data-id=\"89327c0\" data-element_type=\"container\" data-e-type=\"container\" data-settings=\"{&quot;background_background&quot;:&quot;classic&quot;}\">\n\t\t\t\t\t<div class=\"e-con-inner\">\n\t\t<div class=\"elementor-element elementor-element-87822bd e-con-full e-flex e-con e-child\" data-id=\"87822bd\" data-element_type=\"container\" data-e-type=\"container\">\n\t\t\t\t<div class=\"elementor-element elementor-element-07ca780 elementor-widget elementor-widget-image\" data-id=\"07ca780\" data-element_type=\"widget\" data-e-type=\"widget\" data-widget_type=\"image.default\">\n\t\t\t\t<div class=\"elementor-widget-container\">\n\t\t\t\t\t\t\t\t\t\t\t\t\t\t\t<img fetchpriority=\"high\" decoding=\"async\" width=\"255\" height=\"786\" src=\"https:\/\/www.murgialdai.com\/wp-content\/uploads\/2023\/12\/murgialdai-botella-web-07.png\" class=\"attachment-full size-full wp-image-1185\" alt=\"\" srcset=\"https:\/\/www.murgialdai.com\/wp-content\/uploads\/2023\/12\/murgialdai-botella-web-07.png 255w, https:\/\/www.murgialdai.com\/wp-content\/uploads\/2023\/12\/murgialdai-botella-web-07-97x300.png 97w\" sizes=\"(max-width: 255px) 100vw, 255px\" \/>\t\t\t\t\t\t\t\t\t\t\t\t\t\t\t<\/div>\n\t\t\t\t<\/div>\n\t\t\t\t<\/div>\n\t\t<div class=\"elementor-element elementor-element-f4ce4ff e-con-full e-flex e-con e-child\" data-id=\"f4ce4ff\" data-element_type=\"container\" data-e-type=\"container\">\n\t\t\t\t<div class=\"elementor-element elementor-element-cacb482 elementor-widget elementor-widget-heading\" data-id=\"cacb482\" data-element_type=\"widget\" data-e-type=\"widget\" data-widget_type=\"heading.default\">\n\t\t\t\t<div class=\"elementor-widget-container\">\n\t\t\t\t\t<h2 class=\"elementor-heading-title elementor-size-default\">A UNIQUE<br><strong>TXAKOLI<\/strong><\/h2>\t\t\t\t<\/div>\n\t\t\t\t<\/div>\n\t\t\t\t<div class=\"elementor-element elementor-element-bb3e76d elementor-widget elementor-widget-text-editor\" data-id=\"bb3e76d\" data-element_type=\"widget\" data-e-type=\"widget\" data-widget_type=\"text-editor.default\">\n\t\t\t\t<div class=\"elementor-widget-container\">\n\t\t\t\t\t\t\t\t\t<p class=\"p1\">Made in a mild microclimate, our txakoli is a unique wine. The location, soil, and climate are the main key elements for the quality of our wine. These make their way from the vineyard, located in the hillsides of the Ubao river, in the Alo\u00f1a-Aitzgorri mountains. <\/p>\n\t\t\t\t\t\t\t\t<\/div>\n\t\t\t\t<\/div>\n\t\t\t\t<\/div>\n\t\t\t\t\t<\/div>\n\t\t\t\t<\/div>\n\t\t\t\t<\/div>\n\t\t","protected":false},"excerpt":{"rendered":"<p>Historical and family tradition Txakoli at the Murgialdai farmhouse in O\u00f1ati. Rooted to the grounds of the Murgialdai farmhouse on the slopes of the Ubao river in O\u00f1ati, our vineyards are tradition and authenticity. OUR VINEYARDS AND THE SORROUNDINGS MURGIALDAI FARMHOUSE Murgialdai farmhouse According to ancient references, the vineyard has been the backbone of the [&hellip;]<\/p>\n","protected":false},"author":1,"featured_media":0,"parent":0,"menu_order":0,"comment_status":"closed","ping_status":"closed","template":"","meta":{"_joinchat":[],"footnotes":""},"class_list":["post-1307","page","type-page","status-publish","hentry"],"_links":{"self":[{"href":"https:\/\/www.murgialdai.com\/en\/wp-json\/wp\/v2\/pages\/1307","targetHints":{"allow":["GET"]}}],"collection":[{"href":"https:\/\/www.murgialdai.com\/en\/wp-json\/wp\/v2\/pages"}],"about":[{"href":"https:\/\/www.murgialdai.com\/en\/wp-json\/wp\/v2\/types\/page"}],"author":[{"embeddable":true,"href":"https:\/\/www.murgialdai.com\/en\/wp-json\/wp\/v2\/users\/1"}],"replies":[{"embeddable":true,"href":"https:\/\/www.murgialdai.com\/en\/wp-json\/wp\/v2\/comments?post=1307"}],"version-history":[{"count":12,"href":"https:\/\/www.murgialdai.com\/en\/wp-json\/wp\/v2\/pages\/1307\/revisions"}],"predecessor-version":[{"id":1597,"href":"https:\/\/www.murgialdai.com\/en\/wp-json\/wp\/v2\/pages\/1307\/revisions\/1597"}],"wp:attachment":[{"href":"https:\/\/www.murgialdai.com\/en\/wp-json\/wp\/v2\/media?parent=1307"}],"curies":[{"name":"wp","href":"https:\/\/api.w.org\/{rel}","templated":true}]}}